{"id":6,"date":"2007-07-17T01:55:45","date_gmt":"2007-07-16T23:55:45","guid":{"rendered":"http:\/\/www.jugend-hd.de\/jj-wp\/?page_id=6"},"modified":"2024-11-17T02:22:02","modified_gmt":"2024-11-17T01:22:02","slug":"3ziel-ba-tools","status":"publish","type":"page","link":"https:\/\/www.jugend-hd.de\/?page_id=6","title":{"rendered":"3.Ziel: BA (Tools)"},"content":{"rendered":"<p>Der BKL lernt Bibelkreis-F\u00e4higkeiten (Tools), indem er sich alle 2 Wochen in der BKLT f\u00fcr 30 Min. entweder mit Tools f\u00fcr Bibelarbeit-Durchf\u00fchrung besch\u00e4ftigt oder mit Aspekten der Kleingruppenarbeit auseinandersetzt, um<\/p>\n<ul>\n<li>\u00fcber die Durchf\u00fchrung von Bibelarbeiten in einer Gruppe zu lernen (Wissen),\n<ul>\n<li>Pers\u00f6nlichkeitsprofil<\/li>\n<li>Verhalten<\/li>\n<li>Umgebung\/Kontext<\/li>\n<\/ul>\n<\/li>\n<li>durch Berichte\/Bewertungen anderer BKL herausgefordert und motiviert zu werden (Motivation)<\/li>\n<li>und durch \u00dcbungen zu trainieren (Tun)<\/li>\n<\/ul>\n<p><strong>Methode<\/strong><\/p>\n<ul>\n<li>in BKLT alle 2 Wochen<\/li>\n<li>durch eigene \u00dcbungen\/BA, die gemeinsam durchgesprochen werden<\/li>\n<li>durch Feedback von anderen BKL im Austausch<\/li>\n<li>durch Feedback von den JL<\/li>\n<\/ul>\n<p><strong>Downloads<\/strong><\/p>\n<p><a name=\"texterarbeitung\"><\/a><\/p>\n<ul>\n<li style=\"list-style-type: none;\">\n<ul>\n<li>Kurzanleitung &#8222;Texterarbeitung&#8220; (Wie bereite ich vom Bibeltext eine kurze Andacht vor?) <a href=\"https:\/\/jjworks.de\/static_collected\/dl\/bk\/Texterarbeitung.pdf\" target=\"_blank\" rel=\"noopener\">download<\/a><\/li>\n<\/ul>\n<\/li>\n<\/ul>\n<p><a name=\"2006\"><\/a><\/p>\n<ul>\n<li><strong>BVZA Schulung im September 2006:<\/strong>\n<ul>\n<li>Leitfaden f\u00fcr BK-Leiter (vollst\u00e4ndiges BVZA-Schema von den Navigatoren &#8211; Wie leite ich eine Bibelstudiengruppe?) <a href=\"http:\/\/jjworks.de\/static_collected\/dl\/bk\/bvza.pdf\" target=\"_blank\" rel=\"noopener\">download<\/a><\/li>\n<li>Schulungsscript <a href=\"http:\/\/jjworks.de\/static_collected\/dl\/bk\/Schulung.pdf\" target=\"_blank\" rel=\"noopener\">download<\/a>: <a href=\"http:\/\/jjworks.de\/static_collected\/dl\/bk\/Schulung.ppt\" target=\"_blank\" rel=\"noopener\">ppt<\/a>, <a href=\"http:\/\/jjworks.de\/static_collected\/dl\/bk\/flash\/flash.html\" target=\"_blank\" rel=\"noopener\">flash<\/a><\/li>\n<li>Wie stelle ich gute BVZA-Fragen? <a href=\"http:\/\/jjworks.de\/static_collected\/dl\/bk\/BVZA-Fragen%20richtig%20stellen.pdf\" target=\"_blank\" rel=\"noopener\">download<\/a><\/li>\n<li>Wie kann ich gut durch die Bibelarbeit f\u00fchren? Ein Vorschlag zum Gespr\u00e4chsleitfaden: <a href=\"http:\/\/jjworks.de\/static_collected\/dl\/bk\/Gespraechsleitfaden.pdf\" target=\"_blank\" rel=\"noopener\">download<\/a>.<\/li>\n<li>Dazu die Einstiegsstory vom Fischer: <a href=\"http:\/\/jjworks.de\/static_collected\/dl\/bk\/Fischer.pdf\" target=\"_blank\" rel=\"noopener\">download<\/a><\/li>\n<li>Beispiele f\u00fcr BA-Paper: <a href=\"http:\/\/jjworks.de\/static_collected\/dl\/bk\/MeetingPaper.pdf\" target=\"_blank\" rel=\"noopener\">download<\/a><\/li>\n<li>Gespr\u00e4chsauswertung: War es ein gutes BA-Gespr\u00e4ch? <a href=\"http:\/\/jjworks.de\/static_collected\/dl\/bk\/Gespraechsbeobachtung.pdf\" target=\"_blank\" rel=\"noopener\">download<\/a><\/li>\n<li>Gespr\u00e4chstypen und Rollenverhalten: <a href=\"http:\/\/jjworks.de\/static_collected\/dl\/bk\/Gespraechstypen.pdf\" target=\"_blank\" rel=\"noopener\">download<\/a><\/li>\n<\/ul>\n<\/li>\n<li><strong>Material vom BKLeiter Tankwochenende 26.-27.1.2007<\/strong>\n<ul>\n<li>Kreatives zur Bibelarbeit\n<ul>\n<li>Wozu Illustrationen? (2,8 MB) <a href=\"http:\/\/jjworks.de\/static_collected\/dl\/bk\/Illustrationen.pdf\" target=\"_blank\" rel=\"noopener\">download<\/a><\/li>\n<li>Methodensammlung (2,7 MB) <a href=\"http:\/\/jjworks.de\/static_collected\/dl\/bk\/Methodensammlung.pdf\" target=\"_blank\" rel=\"noopener\">download<\/a><\/li>\n<\/ul>\n<\/li>\n<li>Feedback f\u00fcr Leiter (0,9 MB): <a href=\"http:\/\/jjworks.de\/static_collected\/dl\/bk\/FeedbackLeiter.pdf\" target=\"_blank\" rel=\"noopener\">download<\/a><\/li>\n<\/ul>\n<\/li>\n<li><strong>Material vom BKLeiter Tanksamstag &#8222;Spr\u00fcche&#8220; 15.09.2007<\/strong>\n<ul>\n<li><a href=\"https:\/\/www.jugend-hd.de\/jj-wp\/?p=19\">Hier<\/a><\/li>\n<\/ul>\n<\/li>\n<li><strong>Material vom BKLeiter Tankwochenende 25.-26.01.2008<\/strong>\n<ul>\n<li>Illustrationen \/ Beispiele finden auf <a href=\"https:\/\/bible.org\/illustrations\" target=\"_blank\" rel=\"noopener\">Bible.org\/illustrations<\/a> (Englische Seite)<\/li>\n<li>Skript f\u00fcr Gespr\u00e4chsf\u00fchrung (<a href=\"https:\/\/jjworks.de\/static_collected\/dl\/bk\/tankwe080125-26\/gespraechsfuehrung.pdf\" target=\"_blank\" rel=\"noopener\">PDF<\/a> oder <a href=\"https:\/\/jjworks.de\/static_collected\/dl\/bk\/tankwe080125-26\/gespraechsfuehrung.html\" target=\"_blank\" rel=\"noopener\">website<\/a>)<\/li>\n<li>Skript f\u00fcr das BVZA-Schema von Andreas Wiebe (kommt noch)<\/li>\n<\/ul>\n<\/li>\n<li><a name=\"2011\"><\/a><\/li>\n<li><strong>Material vom BKLeiter Tankwochenende am 07.-08.10.2011<\/strong>\n<ul>\n<li><a href=\"https:\/\/www.jugend-hd.de\/wp-content\/111008BKLT.pdf\">Vision der Jugendarbeit HD (Mitschrift des Vortrags von Niko Voth)<\/a><\/li>\n<\/ul>\n<\/li>\n<li><a name=\"2012\"><\/a><\/li>\n<li><strong>Material vom BKLeiter Tankwochenende am 27.-28.01.2012<\/strong>\n<ul>\n<li><a href=\"https:\/\/jjworks.de\/static_collected\/dl\/bk\/Leiterschaft.pdf\" target=\"_blank\" rel=\"noopener\">Leiterschaft<\/a><\/li>\n<\/ul>\n<\/li>\n<\/ul>\n","protected":false},"excerpt":{"rendered":"<p>Der BKL lernt Bibelkreis-F\u00e4higkeiten (Tools), indem er sich alle 2 Wochen in der BKLT f\u00fcr 30 Min. entweder mit Tools f\u00fcr Bibelarbeit-Durchf\u00fchrung besch\u00e4ftigt oder mit Aspekten der Kleingruppenarbeit auseinandersetzt, um \u00fcber die Durchf\u00fchrung von Bibelarbeiten<\/p>\n","protected":false},"author":18,"featured_media":0,"parent":3,"menu_order":1,"comment_status":"open","ping_status":"closed","template":"","meta":{"footnotes":""},"class_list":["post-6","page","type-page","status-publish","hentry"],"_links":{"self":[{"href":"https:\/\/www.jugend-hd.de\/index.php?rest_route=\/wp\/v2\/pages\/6","targetHints":{"allow":["GET"]}}],"collection":[{"href":"https:\/\/www.jugend-hd.de\/index.php?rest_route=\/wp\/v2\/pages"}],"about":[{"href":"https:\/\/www.jugend-hd.de\/index.php?rest_route=\/wp\/v2\/types\/page"}],"author":[{"embeddable":true,"href":"https:\/\/www.jugend-hd.de\/index.php?rest_route=\/wp\/v2\/users\/18"}],"replies":[{"embeddable":true,"href":"https:\/\/www.jugend-hd.de\/index.php?rest_route=%2Fwp%2Fv2%2Fcomments&post=6"}],"version-history":[{"count":20,"href":"https:\/\/www.jugend-hd.de\/index.php?rest_route=\/wp\/v2\/pages\/6\/revisions"}],"predecessor-version":[{"id":1134,"href":"https:\/\/www.jugend-hd.de\/index.php?rest_route=\/wp\/v2\/pages\/6\/revisions\/1134"}],"up":[{"embeddable":true,"href":"https:\/\/www.jugend-hd.de\/index.php?rest_route=\/wp\/v2\/pages\/3"}],"wp:attachment":[{"href":"https:\/\/www.jugend-hd.de\/index.php?rest_route=%2Fwp%2Fv2%2Fmedia&parent=6"}],"curies":[{"name":"wp","href":"https:\/\/api.w.org\/{rel}","templated":true}]}}