{"id":5,"date":"2007-07-17T01:53:40","date_gmt":"2007-07-16T23:53:40","guid":{"rendered":"http:\/\/www.jugend-hd.de\/jj-wp\/?page_id=5"},"modified":"2007-10-02T08:36:12","modified_gmt":"2007-10-02T06:36:12","slug":"2ziel-leiterschaft-tools","status":"publish","type":"page","link":"https:\/\/www.jugend-hd.de\/?page_id=5","title":{"rendered":"2.Ziel: Leiterschaft (Tools)"},"content":{"rendered":"<p>Der BKL lernt Leiterschafts F\u00e4higkeiten (Tools), indem er sich alle 2 Wochen in der BKLT f\u00fcr entweder 10 Min. (Andacht) oder 40 Min. (Thema) mit Aspekten der Leiterschaft auseinandersetzt, um<\/p>\n<ul>\n<li>\u00fcber Leiterschaft zu lernen (Wissen),\n<ul>\n<li>Pers\u00f6nlichkeitsprofil (<a href=\"https:\/\/www.jugend-hd.de\/jj-wp\/?p=16\">MBTI<\/a>)<\/li>\n<li>Verhalten<\/li>\n<li>Umgebung\/Kontext<\/li>\n<\/ul>\n<\/li>\n<li>durch Beispiele herausgefordert und motiviert zu werden (Motivation)<\/li>\n<li>und richtiges Verhalten zu \u00fcben (Tun)<\/li>\n<\/ul>\n<p><strong>Methode<\/strong><\/p>\n<ul>\n<li>in BKLT alle 2 Wochen<\/li>\n<li>durch Jugendleiter, die selbst Leiterschaft praktizieren<\/li>\n<li>durch Lektionen von professionellen Leitern<\/li>\n<li>durch ganzheitliches (vorausschauendes) Lernen (nicht nur \u201eBK-Leitung\u201c, sondern allgemein Leiterschaft)<\/li>\n<\/ul>\n","protected":false},"excerpt":{"rendered":"<p>Der BKL lernt Leiterschafts F\u00e4higkeiten (Tools), indem er sich alle 2 Wochen in der BKLT f\u00fcr entweder 10 Min. (Andacht) oder 40 Min. (Thema) mit Aspekten der Leiterschaft auseinandersetzt, um \u00fcber Leiterschaft zu lernen (Wissen),<\/p>\n","protected":false},"author":18,"featured_media":0,"parent":3,"menu_order":2,"comment_status":"open","ping_status":"closed","template":"","meta":{"footnotes":""},"class_list":["post-5","page","type-page","status-publish","hentry"],"_links":{"self":[{"href":"https:\/\/www.jugend-hd.de\/index.php?rest_route=\/wp\/v2\/pages\/5","targetHints":{"allow":["GET"]}}],"collection":[{"href":"https:\/\/www.jugend-hd.de\/index.php?rest_route=\/wp\/v2\/pages"}],"about":[{"href":"https:\/\/www.jugend-hd.de\/index.php?rest_route=\/wp\/v2\/types\/page"}],"author":[{"embeddable":true,"href":"https:\/\/www.jugend-hd.de\/index.php?rest_route=\/wp\/v2\/users\/18"}],"replies":[{"embeddable":true,"href":"https:\/\/www.jugend-hd.de\/index.php?rest_route=%2Fwp%2Fv2%2Fcomments&post=5"}],"version-history":[{"count":0,"href":"https:\/\/www.jugend-hd.de\/index.php?rest_route=\/wp\/v2\/pages\/5\/revisions"}],"up":[{"embeddable":true,"href":"https:\/\/www.jugend-hd.de\/index.php?rest_route=\/wp\/v2\/pages\/3"}],"wp:attachment":[{"href":"https:\/\/www.jugend-hd.de\/index.php?rest_route=%2Fwp%2Fv2%2Fmedia&parent=5"}],"curies":[{"name":"wp","href":"https:\/\/api.w.org\/{rel}","templated":true}]}}