{"id":3,"date":"2007-07-17T01:29:31","date_gmt":"2007-07-16T23:29:31","guid":{"rendered":"http:\/\/www.jugend-hd.de\/jj-wp\/?page_id=3"},"modified":"2012-02-10T01:34:55","modified_gmt":"2012-02-09T23:34:55","slug":"bklt-bk-leiter-tankstelle","status":"publish","type":"page","link":"https:\/\/www.jugend-hd.de\/?page_id=3","title":{"rendered":"BKLT &#8211; BK-Leiter Tankstelle"},"content":{"rendered":"<p align=\"center\"><img loading=\"lazy\" decoding=\"async\" src=\"http:\/\/jjworks.de\/static_collected\/dl\/images\/tanken.jpg\" height=\"476\" width=\"358\" \/><\/p>\n<p><strong>Weitblick<\/strong><\/p>\n<p>Durch die BKLT soll jeder BKL und Co-BKL auftanken k\u00f6nnen, indem er seine Pers\u00f6nlichkeit entfaltet und praktische F\u00e4higkeiten (Tools) in Leiterschaft und im Durchf\u00fchren von Bibelarbeiten lernt.<\/p>\n<p><a href=\"https:\/\/www.jugend-hd.de\/jj-wp\/?page_id=4\">zum 1.Ziel Pers\u00f6nlichkeit entfalten<\/a><\/p>\n<p><a href=\"https:\/\/www.jugend-hd.de\/jj-wp\/?page_id=5\">zum 2.Ziel Leiterschaft<\/a><\/p>\n<p><a href=\"https:\/\/www.jugend-hd.de\/jj-wp\/?page_id=6\">zum 3.Ziel Tools f\u00fcr Bibelarbeiten<\/a><\/p>\n<p><big><big><big><small><small>\u00bb BK-Leiter Tankstelle Konzept: <a href=\"http:\/\/jjworks.de\/static_collected\/dl\/bk\/BKL%20Tankstelle.pdf\" target=\"_blank\">download<\/a>: <a href=\"http:\/\/jjworks.de\/static_collected\/dl\/bk\/BKL%20Tankstelle.ppt\">ppt<\/a><br \/>\n\u00bb <a href=\"http:\/\/jjworks.de\/static_collected\/dl\/bk\/bilder\/bilder\/index_bilder.html\">Fotos<\/a> vom BKLTWE am 26.-27.1.2007<\/small><\/small><\/big><\/big><\/big><big><big><big><small><small><br \/>\n<\/small><\/small><\/big><\/big><\/big><\/p>\n<p>Termine der Yougend-HD gibt es hier:<\/p>\n","protected":false},"excerpt":{"rendered":"<p>Weitblick Durch die BKLT soll jeder BKL und Co-BKL auftanken k\u00f6nnen, indem er seine Pers\u00f6nlichkeit entfaltet und praktische F\u00e4higkeiten (Tools) in Leiterschaft und im Durchf\u00fchren von Bibelarbeiten lernt. zum 1.Ziel Pers\u00f6nlichkeit entfalten zum 2.Ziel Leiterschaft<\/p>\n","protected":false},"author":18,"featured_media":0,"parent":194,"menu_order":1,"comment_status":"open","ping_status":"closed","template":"","meta":{"footnotes":""},"class_list":["post-3","page","type-page","status-publish","hentry"],"_links":{"self":[{"href":"https:\/\/www.jugend-hd.de\/index.php?rest_route=\/wp\/v2\/pages\/3","targetHints":{"allow":["GET"]}}],"collection":[{"href":"https:\/\/www.jugend-hd.de\/index.php?rest_route=\/wp\/v2\/pages"}],"about":[{"href":"https:\/\/www.jugend-hd.de\/index.php?rest_route=\/wp\/v2\/types\/page"}],"author":[{"embeddable":true,"href":"https:\/\/www.jugend-hd.de\/index.php?rest_route=\/wp\/v2\/users\/18"}],"replies":[{"embeddable":true,"href":"https:\/\/www.jugend-hd.de\/index.php?rest_route=%2Fwp%2Fv2%2Fcomments&post=3"}],"version-history":[{"count":3,"href":"https:\/\/www.jugend-hd.de\/index.php?rest_route=\/wp\/v2\/pages\/3\/revisions"}],"predecessor-version":[{"id":390,"href":"https:\/\/www.jugend-hd.de\/index.php?rest_route=\/wp\/v2\/pages\/3\/revisions\/390"}],"up":[{"embeddable":true,"href":"https:\/\/www.jugend-hd.de\/index.php?rest_route=\/wp\/v2\/pages\/194"}],"wp:attachment":[{"href":"https:\/\/www.jugend-hd.de\/index.php?rest_route=%2Fwp%2Fv2%2Fmedia&parent=3"}],"curies":[{"name":"wp","href":"https:\/\/api.w.org\/{rel}","templated":true}]}}