{"id":293,"date":"2011-04-07T23:19:16","date_gmt":"2011-04-07T21:19:16","guid":{"rendered":"http:\/\/www.jugend-hd.de\/jj-wp\/?page_id=293"},"modified":"2022-10-10T17:37:51","modified_gmt":"2022-10-10T16:37:51","slug":"grundkurs-dienen","status":"publish","type":"page","link":"https:\/\/www.jugend-hd.de\/?page_id=293","title":{"rendered":"S.H.A.P.E. Entdecke deinen Dienst"},"content":{"rendered":"<p>&#8222;S.H.A.P.E. Entdecke deinen Dienst&#8220; wird regelm\u00e4\u00dfig in der <a href=\"http:\/\/www.freikirche-hl.de\" target=\"_blank\" rel=\"noopener\">Ev.Freikirche HL<\/a> angeboten. (Meist direkt im Anschluss an ein Tauffest). S.H.A.P.E. steht im Englischen f\u00fcr die 5 Bereiche, die den pers\u00f6nlichen Dienstauftrag mitbestimmen: 1.Spiritiual gifts (geistliche Gaben), 2.Heart (Herzensanliegen), 3.Abilities (F\u00e4higkeiten), 4.Personality (Pers\u00f6nlichkeit) und 5.Experiences (Erfahrungen). Der Kurs basiert auf dem Material des <a href=\"https:\/\/saddleback.com\/events\/class\" target=\"_blank\" rel=\"noopener\">Kurses 301 der C.L.A.S.S.-Reihe in der Saddleback Gemeinde von Rick Warren<\/a>.<\/p>\n<p>Gew\u00f6hnlicher Ablauf der Diententdeckung:<br \/>\n&#8211; 2 Abende mit je ca. 2,5 Std. Unterricht<br \/>\n&#8211; Ausf\u00fcllen der Selbsteinsch\u00e4tzung zu Hause (Gabenprofil)<br \/>\n&#8211; 1 Treffen mit Dienst-Entdeckungs-Gespr\u00e4ch mit ca. 60 min<br \/>\n(- evtl. 1 Gespr\u00e4ch mit einem Dienstbereichsleiter)<br \/>\n&#8211; Vorbereitung eines 90-t\u00e4gigen &#8222;Testlaufs im neuen Dienst&#8220;<br \/>\n&#8211; 90-t\u00e4giger Testlauf<br \/>\n&#8211; 1 Jahr praktische Erfahrung im Dienst sammeln<\/p>\n<p>Aktuelle Gespr\u00e4chs-\u00dcbersicht f\u00fcr die Mitarbeiter: <a href=\"https:\/\/www.jugend-hd.de\/sicher\/GKDienenGespraeche.doc\" target=\"_blank\" rel=\"noopener\">GK-Dienen Gespr\u00e4che<\/a>.<\/p>\n<p>Wenn du einen Teil der Dienstentdeckung verpasst hast, kannst du dich <a href=\"mailto:webmaster@jugend-hd.de\">hier<\/a> melden. Wer im Online-Selbststudium seinen Dienst entdecken m\u00f6chte, kann das auf der <a href=\"http:\/\/jj-info.dyndns.org\" target=\"_blank\" rel=\"noopener\">Lernplattform<\/a> tun.<\/p>\n","protected":false},"excerpt":{"rendered":"<p>&#8222;S.H.A.P.E. Entdecke deinen Dienst&#8220; wird regelm\u00e4\u00dfig in der Ev.Freikirche HL angeboten. (Meist direkt im Anschluss an ein Tauffest). S.H.A.P.E. steht im Englischen f\u00fcr die 5 Bereiche, die den pers\u00f6nlichen Dienstauftrag mitbestimmen: 1.Spiritiual gifts (geistliche Gaben),<\/p>\n","protected":false},"author":18,"featured_media":0,"parent":194,"menu_order":6,"comment_status":"open","ping_status":"closed","template":"","meta":{"footnotes":""},"class_list":["post-293","page","type-page","status-publish","hentry"],"_links":{"self":[{"href":"https:\/\/www.jugend-hd.de\/index.php?rest_route=\/wp\/v2\/pages\/293","targetHints":{"allow":["GET"]}}],"collection":[{"href":"https:\/\/www.jugend-hd.de\/index.php?rest_route=\/wp\/v2\/pages"}],"about":[{"href":"https:\/\/www.jugend-hd.de\/index.php?rest_route=\/wp\/v2\/types\/page"}],"author":[{"embeddable":true,"href":"https:\/\/www.jugend-hd.de\/index.php?rest_route=\/wp\/v2\/users\/18"}],"replies":[{"embeddable":true,"href":"https:\/\/www.jugend-hd.de\/index.php?rest_route=%2Fwp%2Fv2%2Fcomments&post=293"}],"version-history":[{"count":14,"href":"https:\/\/www.jugend-hd.de\/index.php?rest_route=\/wp\/v2\/pages\/293\/revisions"}],"predecessor-version":[{"id":1051,"href":"https:\/\/www.jugend-hd.de\/index.php?rest_route=\/wp\/v2\/pages\/293\/revisions\/1051"}],"up":[{"embeddable":true,"href":"https:\/\/www.jugend-hd.de\/index.php?rest_route=\/wp\/v2\/pages\/194"}],"wp:attachment":[{"href":"https:\/\/www.jugend-hd.de\/index.php?rest_route=%2Fwp%2Fv2%2Fmedia&parent=293"}],"curies":[{"name":"wp","href":"https:\/\/api.w.org\/{rel}","templated":true}]}}