{"id":28,"date":"2008-01-23T18:50:29","date_gmt":"2008-01-23T16:50:29","guid":{"rendered":"http:\/\/www.jugend-hd.de\/jj-wp\/?page_id=28"},"modified":"2008-01-23T19:44:50","modified_gmt":"2008-01-23T17:44:50","slug":"jjs-artikelsammlung-zu-unterschiedlichen-themen","status":"publish","type":"page","link":"https:\/\/www.jugend-hd.de\/?page_id=28","title":{"rendered":"JJ&#8217;s Artikelsammlung zu unterschiedlichen Themen"},"content":{"rendered":"<p>Hier gibt es teilweise recht aktuelle Artikel und Buchhinweise (habe ich nicht selbst gelesen) bzw. -empfehlungen (habe ich selbst gelesen) meist in englischer Sprache, die f\u00fcr die Besch\u00e4ftigung mit folgenden Themen hilfreich sein k\u00f6nnten.<\/p>\n<p><strong>Mentoring<\/strong><\/p>\n<ul>\n<li>Buchhinweis: Williams, Brian A. <a href=\"http:\/\/books.google.de\/books?id=sU67TX1QhyAC&#038;pg=PT1&#038;dq=inauthor:brian+inauthor:williams+potter&#038;sig=5Duk9iVCsChHIEwKvqmxFfFQZ4o#PPP1,M1\" target=\"_blank\">Potter&#8217;s rib. <\/a> 318 p. Vancouver : Regent College, 2005.\n<\/li>\n<li>Online-Artikel: Ron Belsterling &#8211; <a href=\"http:\/\/www.jjanzen.de\/themen\/2006_Belsterling-THE%20MENTORING%20APPROACH%20OF%20JESUS%20AS%20DEMONSTRATED%20IN%20JOHN%2013.pdf\" target=\"_blank\">THE MENTORING APPROACH OF JESUS AS DEMONSTRATED IN JOHN 13 &#8211; PDF<\/a> (1,29 MB; Quelle: Journal of Youth Ministry 5 no 1 Fall 2006, p 77-92. ISSN: 1541-0412)\n<\/li>\n<li>Buchhinweis: Rhodes, Jean E. <a href=\"http:\/\/books.google.de\/books?id=cIIOJBzHisYC&#038;printsec=frontcover&#038;dq=inauthor:Jean+inauthor:E+inauthor:Rhodes&#038;sig=gZvpY_8eFIHkSGXwYf8ooIRpSjM#PPA4,M1\" target=\"_blank\">Stand by me.<\/a> 163 p. Cambridge, MA : Harvard University Press, 2004. ISBN: 0674016114 ISBN: 9780674016118\n<li>\n<\/ul>\n<p><strong>Leadership<\/strong><\/p>\n<ul>\n<li>Online-Artikel: Joseph Bottum \/ Michael Novak &#8211; <a href=\"http:\/\/www.jjanzen.de\/themen\/2007_Joseph%20Bottum%20%20Michael%20Novak%20-%20The%20Leadership%20of%20George%20W.%20Bush%20Con%20&#038;%20Pro.pdf\" target=\"_blank\">The Leadership of George W. Bush: Con &#038; Pro &#8211; PDF<\/a> (751Kb; Quelle: First Things no 171 Mr 2007, p 31-35. ISSN: 1047-5141)\n<\/li>\n<li>Buchhinweis: Carroll, Jackson W. <a href=\"http:\/\/books.google.de\/books?id=qo3p9TYYhYsC&#038;printsec=frontcover&#038;dq=inauthor:carroll+inauthor:jackson+god%27s+potters&#038;sig=hTt5tt3GvKkmKqs1q-V_NKsjQgs\" target=\"_blank\">God&#8217;s potters.<\/a> xvi, 296 p. Grand Rapids : Eerdmans, 2006.\n<\/li>\n<li>Buchhinweis: Agosto, Efrain. <a href=\"http:\/\/books.google.de\/books?id=XTwuAAAACAAJ&#038;dq=inauthor:agosto+inauthor:Efrain+Servant+leadership.\" target=\"_blank\">Servant leadership. <\/a>viii, 248 p. St Louis : Chalice, 2005. ISBN: 0827234635 ISBN: 9780827234635\n<\/li>\n<li>Buchempfehlung: Banks, Robert J. <a href=\"http:\/\/books.google.de\/books?id=hVUMAAAACAAJ&#038;dq=inauthor:banks+inauthor:robert+reviewing+leaders\" target=\"_blank\">Reviewing leadership.<\/a> 174 p. Grand Rapids : Baker Books, 2004. Engaging culture.\n<\/li>\n<li>Buchhinweis: Gunderson, Gary. <a href=\"http:\/\/www.amazon.de\/Boundary-Leaders-Leadership-Skills-People\/dp\/0800631943\/ref=sr_1_1?ie=UTF8&#038;s=gateway&#038;qid=1201082159&#038;sr=8-1\" target=\"_blank\">Boundary leaders.<\/a> v, 162 p. Minneapolis, Minn : Fortress Press, 2004. ISBN: 0800631943 ISBN: 9780800631949\n<\/li>\n<li>Buchhinweis: Goleman, Daniel. <a href=\"http:\/\/books.google.de\/books?id=DSeXVpbSk-wC&#038;printsec=frontcover&#038;dq=inauthor:daniel+inauthor:goleman+primal+leadership&#038;sig=zI9LR7szz669TSj8H5mSHTqIFyA#PPP1,M1\" target=\"_blank\">Primal leadership.<\/a> 352 p. [S.l.] : Harvard Business School, 2002.\n<\/li>\n<\/ul>\n<p><strong>Coaching<\/strong><\/p>\n<ul>\n<li>Buchhinweis (eher f\u00fcr Eltern): Ward, Jim. <a href=\"http:\/\/books.google.de\/books?id=q2cBAAAACAAJ&#038;dq=inauthor:ward+inauthor:jim+coaching+kids\" target=\"_blank\">Coaching kids.<\/a> 127 p. Macon, Ga : Smyth &#038; Helwys Publishing, 1999.\n<\/li>\n<\/ul>\n","protected":false},"excerpt":{"rendered":"<p>Hier gibt es teilweise recht aktuelle Artikel und Buchhinweise (habe ich nicht selbst gelesen) bzw. -empfehlungen (habe ich selbst gelesen) meist in englischer Sprache, die f\u00fcr die Besch\u00e4ftigung mit folgenden Themen hilfreich sein k\u00f6nnten. Mentoring<\/p>\n","protected":false},"author":18,"featured_media":0,"parent":8,"menu_order":1,"comment_status":"open","ping_status":"closed","template":"","meta":{"footnotes":""},"class_list":["post-28","page","type-page","status-publish","hentry"],"_links":{"self":[{"href":"https:\/\/www.jugend-hd.de\/index.php?rest_route=\/wp\/v2\/pages\/28","targetHints":{"allow":["GET"]}}],"collection":[{"href":"https:\/\/www.jugend-hd.de\/index.php?rest_route=\/wp\/v2\/pages"}],"about":[{"href":"https:\/\/www.jugend-hd.de\/index.php?rest_route=\/wp\/v2\/types\/page"}],"author":[{"embeddable":true,"href":"https:\/\/www.jugend-hd.de\/index.php?rest_route=\/wp\/v2\/users\/18"}],"replies":[{"embeddable":true,"href":"https:\/\/www.jugend-hd.de\/index.php?rest_route=%2Fwp%2Fv2%2Fcomments&post=28"}],"version-history":[{"count":0,"href":"https:\/\/www.jugend-hd.de\/index.php?rest_route=\/wp\/v2\/pages\/28\/revisions"}],"up":[{"embeddable":true,"href":"https:\/\/www.jugend-hd.de\/index.php?rest_route=\/wp\/v2\/pages\/8"}],"wp:attachment":[{"href":"https:\/\/www.jugend-hd.de\/index.php?rest_route=%2Fwp%2Fv2%2Fmedia&parent=28"}],"curies":[{"name":"wp","href":"https:\/\/api.w.org\/{rel}","templated":true}]}}