{"id":1164,"date":"2025-09-16T21:43:22","date_gmt":"2025-09-16T20:43:22","guid":{"rendered":"https:\/\/www.jugend-hd.de\/?page_id=1164"},"modified":"2025-09-16T21:51:56","modified_gmt":"2025-09-16T20:51:56","slug":"reli-online","status":"publish","type":"page","link":"https:\/\/www.jugend-hd.de\/?page_id=1164","title":{"rendered":"Reli Online"},"content":{"rendered":"\n<h1 class=\"wp-block-heading\">Curriculum Evangelische Religionslehre \u2013 Hauptschule NRW<\/h1>\n\n\n\n<p>\u00dcbersicht der Themenbereiche gem\u00e4\u00df Kernlehrpl\u00e4nen NRW und den Schulb\u00fcchern <em>Kursbuch Religion Elementar 1\u20133<\/em> (Calwer\/Westermann). Umfang: 2 Wochenstunden pro Klasse.<\/p>\n\n\n\n<h2 class=\"wp-block-heading\">Klasse 5<\/h2>\n\n\n\n<figure class=\"wp-block-table\"><table class=\"has-fixed-layout\"><tbody><tr><th>Themenbereich<\/th><th>Inhalte<\/th><\/tr><tr><td>Bibel entdecken<\/td><td>Aufbau der Bibel, Sch\u00f6pfungserz\u00e4hlungen (1.Mose 1\u20132), Psalmen als Gebete<\/td><\/tr><tr><td>Jesus begegnen<\/td><td>Kindheitsgeschichten, Gleichnisse Jesu, Wundererz\u00e4hlungen<\/td><\/tr><tr><td>Gemeinschaft erleben<\/td><td>Kirche als Gemeinschaft, Freundschaft, Regeln im Zusammenleben<\/td><\/tr><\/tbody><\/table><\/figure>\n\n\n\n<h2 class=\"wp-block-heading\">Klasse 6<\/h2>\n\n\n\n<figure class=\"wp-block-table\"><table class=\"has-fixed-layout\"><tbody><tr><th>Themenbereich<\/th><th>Inhalte<\/th><\/tr><tr><td>Propheten<\/td><td>Amos, Jesaja: Gerechtigkeit und Hoffnung<\/td><\/tr><tr><td>Leben mit Gott<\/td><td>Zehn Gebote (2.Mose 20), Gebet und Vaterunser (Matth\u00e4us 6,9\u201313)<\/td><\/tr><tr><td>Feste im Kirchenjahr<\/td><td>Advent, Weihnachten, Ostern, Pfingsten<\/td><\/tr><\/tbody><\/table><\/figure>\n\n\n\n<h2 class=\"wp-block-heading\">Klasse 7<\/h2>\n\n\n\n<figure class=\"wp-block-table\"><table class=\"has-fixed-layout\"><tbody><tr><th>Themenbereich<\/th><th>Inhalte<\/th><\/tr><tr><td>Jesus Christus<\/td><td>Leiden und Sterben Jesu, Auferstehung, Bedeutung f\u00fcr Christen<\/td><\/tr><tr><td>Reformation<\/td><td>Martin Luther, Bibel\u00fcbersetzung, Rechtfertigung aus Glauben<\/td><\/tr><tr><td>Andere Religionen<\/td><td>Judentum, Islam: Grundz\u00fcge und Gemeinsamkeiten<\/td><\/tr><\/tbody><\/table><\/figure>\n\n\n\n<h2 class=\"wp-block-heading\">Klasse 8<\/h2>\n\n\n\n<figure class=\"wp-block-table\"><table class=\"has-fixed-layout\"><tbody><tr><th>Themenbereich<\/th><th>Inhalte<\/th><\/tr><tr><td>Ethik &amp; Verantwortung<\/td><td>Goldene Regel (Matth\u00e4us 7,12), N\u00e4chstenliebe (Markus 12,31), Umgang mit Schuld<\/td><\/tr><tr><td>Kirche im Wandel<\/td><td>Kirchengeschichte, Konfessionen, \u00d6kumene<\/td><\/tr><tr><td>Tod und Hoffnung<\/td><td>Biblische Hoffnungsbilder (Offenbarung 21,1\u20137), Auferstehung der Toten<\/td><\/tr><\/tbody><\/table><\/figure>\n\n\n\n<h2 class=\"wp-block-heading\">Klasse 9<\/h2>\n\n\n\n<figure class=\"wp-block-table\"><table class=\"has-fixed-layout\"><tbody><tr><th>Themenbereich<\/th><th>Inhalte<\/th><\/tr><tr><td>Menschenw\u00fcrde<\/td><td>Sch\u00f6pfung als Grundlage der W\u00fcrde (1.Mose 1,27), Menschenrechte<\/td><\/tr><tr><td>Kirche und Gesellschaft<\/td><td>Diakonie, Verantwortung in Politik und Gesellschaft<\/td><\/tr><tr><td>Religionen im Dialog<\/td><td>Interreligi\u00f6ses Gespr\u00e4ch, Toleranz, Frieden<\/td><\/tr><\/tbody><\/table><\/figure>\n\n\n\n<h2 class=\"wp-block-heading\">Klasse 10<\/h2>\n\n\n\n<figure class=\"wp-block-table\"><table class=\"has-fixed-layout\"><tbody><tr><th>Themenbereich<\/th><th>Inhalte<\/th><\/tr><tr><td>Glaubensfragen<\/td><td>Atheismus, Agnostizismus, pers\u00f6nliche Glaubensentscheidungen<\/td><\/tr><tr><td>Ethik in der Gegenwart<\/td><td>Bioethik, Friedensethik, Sch\u00f6pfungsverantwortung<\/td><\/tr><tr><td>Zukunft &amp; Hoffnung<\/td><td>Eschatologie, Reich Gottes, Hoffnungsperspektiven f\u00fcr heute<\/td><\/tr><\/tbody><\/table><\/figure>\n\n\n\n<h3 class=\"wp-block-heading\">Hinweis<\/h3>\n\n\n\n<p>Die \u00dcbersicht dient als Curriculum-Planungshilfe. Sie ist angelehnt an die Kernlehrpl\u00e4ne NRW sowie die B\u00e4nde <em>Kursbuch Religion Elementar 1\u20133<\/em>. F\u00fcr die konkrete Unterrichtsplanung k\u00f6nnen Methoden wie kooperatives Lernen, kognitive Aktivierung und selbstreguliertes Lernen eingesetzt werden.<\/p>\n","protected":false},"excerpt":{"rendered":"<p>Curriculum Evangelische Religionslehre \u2013 Hauptschule NRW \u00dcbersicht der Themenbereiche gem\u00e4\u00df Kernlehrpl\u00e4nen NRW und den Schulb\u00fcchern Kursbuch Religion Elementar 1\u20133 (Calwer\/Westermann). Umfang: 2 Wochenstunden pro Klasse. Klasse 5 Themenbereich Inhalte Bibel entdecken Aufbau der Bibel, Sch\u00f6pfungserz\u00e4hlungen<\/p>\n","protected":false},"author":18,"featured_media":0,"parent":1033,"menu_order":0,"comment_status":"closed","ping_status":"closed","template":"","meta":{"footnotes":""},"class_list":["post-1164","page","type-page","status-publish","hentry"],"_links":{"self":[{"href":"https:\/\/www.jugend-hd.de\/index.php?rest_route=\/wp\/v2\/pages\/1164","targetHints":{"allow":["GET"]}}],"collection":[{"href":"https:\/\/www.jugend-hd.de\/index.php?rest_route=\/wp\/v2\/pages"}],"about":[{"href":"https:\/\/www.jugend-hd.de\/index.php?rest_route=\/wp\/v2\/types\/page"}],"author":[{"embeddable":true,"href":"https:\/\/www.jugend-hd.de\/index.php?rest_route=\/wp\/v2\/users\/18"}],"replies":[{"embeddable":true,"href":"https:\/\/www.jugend-hd.de\/index.php?rest_route=%2Fwp%2Fv2%2Fcomments&post=1164"}],"version-history":[{"count":2,"href":"https:\/\/www.jugend-hd.de\/index.php?rest_route=\/wp\/v2\/pages\/1164\/revisions"}],"predecessor-version":[{"id":1168,"href":"https:\/\/www.jugend-hd.de\/index.php?rest_route=\/wp\/v2\/pages\/1164\/revisions\/1168"}],"up":[{"embeddable":true,"href":"https:\/\/www.jugend-hd.de\/index.php?rest_route=\/wp\/v2\/pages\/1033"}],"wp:attachment":[{"href":"https:\/\/www.jugend-hd.de\/index.php?rest_route=%2Fwp%2Fv2%2Fmedia&parent=1164"}],"curies":[{"name":"wp","href":"https:\/\/api.w.org\/{rel}","templated":true}]}}