{"id":10,"date":"2007-07-17T02:18:24","date_gmt":"2007-07-17T00:18:24","guid":{"rendered":"http:\/\/www.jugend-hd.de\/jj-wp\/?page_id=10"},"modified":"2024-01-21T12:35:31","modified_gmt":"2024-01-21T11:35:31","slug":"predigen","status":"publish","type":"page","link":"https:\/\/www.jugend-hd.de\/?page_id=10","title":{"rendered":"Predigen zur Lebensver\u00e4nderung"},"content":{"rendered":"\n<p>Predigten sollten immer zur Lebensver\u00e4nderung f\u00fchren, weil sie nicht informieren, sondern ver\u00e4ndern sollten. <a href=\"https:\/\/jjworks.de\/static_collected\/dl\/predigt\/PredigtvorbereitungRickWarren.pdf\" target=\"_blank\" rel=\"noreferrer noopener\">Hier<\/a> gibt es Tipps zum auftragsgem\u00e4\u00dfen Predigen und <a href=\"https:\/\/jjworks.de\/static_collected\/dl\/predigt\/Predigt_Hoereraufmerksamkeit.pdf\">hier<\/a> um die H\u00f6reraufmerksamkeit zu steigern.<\/p>\n\n\n\n<p>Beispielpredigten findest du hier:<\/p>\n\n\n\n<p><\/p>\n\n\n\n<figure class=\"wp-block-embed is-type-video is-provider-youtube wp-block-embed-youtube wp-embed-aspect-16-9 wp-has-aspect-ratio\"><div class=\"wp-block-embed__wrapper\">\n<iframe loading=\"lazy\" title=\"09.12.2023 \/\/ Adventssingen \/\/ Ev. Freikirche Hohenloh\" width=\"810\" height=\"456\" src=\"https:\/\/www.youtube.com\/embed\/53_6_tqrz4Q?feature=oembed\" frameborder=\"0\" allow=\"accelerometer; autoplay; clipboard-write; encrypted-media; gyroscope; picture-in-picture; web-share\" allowfullscreen><\/iframe>\n<\/div><figcaption class=\"wp-element-caption\">Predigt vom 09.12.2023 &#8222;Sein Name hei\u00dft&#8230; Friedef\u00fcrst&#8220;<\/figcaption><\/figure>\n\n\n\n<figure class=\"wp-block-embed is-type-video is-provider-youtube wp-block-embed-youtube wp-embed-aspect-16-9 wp-has-aspect-ratio\"><div class=\"wp-block-embed__wrapper\">\n<iframe loading=\"lazy\" title=\"\/\/ Wie der Glaube an den Gekreuzigten dich wirklich leben l\u00e4sst \/\/ Predigt - Johann\" width=\"810\" height=\"456\" src=\"https:\/\/www.youtube.com\/embed\/UQsMCCHIXDo?feature=oembed\" frameborder=\"0\" allow=\"accelerometer; autoplay; clipboard-write; encrypted-media; gyroscope; picture-in-picture; web-share\" allowfullscreen><\/iframe>\n<\/div><figcaption class=\"wp-element-caption\">Predigt vom 07.04.2023 &#8222;Wie der Glaube an den Gekreuzigten dich wirklich leben l\u00e4sst&#8220;<\/figcaption><\/figure>\n\n\n\n<figure class=\"wp-block-embed is-type-video is-provider-youtube wp-block-embed-youtube wp-embed-aspect-16-9 wp-has-aspect-ratio\"><div class=\"wp-block-embed__wrapper\">\n<iframe loading=\"lazy\" title=\"\/\/ Die Liebe Gottes zu uns \/\/ Predigt - Johann J.\" width=\"810\" height=\"456\" src=\"https:\/\/www.youtube.com\/embed\/WcWbK_S4W4E?feature=oembed\" frameborder=\"0\" allow=\"accelerometer; autoplay; clipboard-write; encrypted-media; gyroscope; picture-in-picture; web-share\" allowfullscreen><\/iframe>\n<\/div><figcaption class=\"wp-element-caption\">Predigt vom 09.10.2022 &#8222;Gottes Liebe zu uns&#8220;<\/figcaption><\/figure>\n\n\n\n<figure class=\"wp-block-embed is-type-video is-provider-youtube wp-block-embed-youtube wp-embed-aspect-16-9 wp-has-aspect-ratio\"><div class=\"wp-block-embed__wrapper\">\n<iframe loading=\"lazy\" title=\"\/\/ Ehre Vater und Mutter \/\/ Predigt - Johann J. - 08.05.2022\" width=\"810\" height=\"456\" src=\"https:\/\/www.youtube.com\/embed\/V3spCspuoSE?feature=oembed\" frameborder=\"0\" allow=\"accelerometer; autoplay; clipboard-write; encrypted-media; gyroscope; picture-in-picture; web-share\" allowfullscreen><\/iframe>\n<\/div><figcaption class=\"wp-element-caption\">Predigt vom 08.05.2022 &#8222;Ehre Vater und Mutter &#8211; Muttertag&#8220;<\/figcaption><\/figure>\n\n\n\n<figure class=\"wp-block-embed is-type-video is-provider-youtube wp-block-embed-youtube wp-embed-aspect-16-9 wp-has-aspect-ratio\"><div class=\"wp-block-embed__wrapper\">\n<iframe loading=\"lazy\" title=\"\/\/Ehe \u2013 Gottes geniales Design\/\/ Predigt - Johann J. \/\/ 13.02.2022\" width=\"810\" height=\"456\" src=\"https:\/\/www.youtube.com\/embed\/VR5AhzJmRYw?feature=oembed\" frameborder=\"0\" allow=\"accelerometer; autoplay; clipboard-write; encrypted-media; gyroscope; picture-in-picture; web-share\" allowfullscreen><\/iframe>\n<\/div><figcaption class=\"wp-element-caption\">Predigt vom 13.02.2022 &#8222;Ehe &#8211; Gottes geniales Design&#8220;<\/figcaption><\/figure>\n\n\n\n<figure class=\"wp-block-embed is-type-video is-provider-youtube wp-block-embed-youtube wp-embed-aspect-16-9 wp-has-aspect-ratio\"><div class=\"wp-block-embed__wrapper\">\n<iframe loading=\"lazy\" title=\"\/\/Wer du wirklich in Christus bist\/\/ Predigt Johann J.\" width=\"810\" height=\"456\" src=\"https:\/\/www.youtube.com\/embed\/TLE1UhVT-G0?feature=oembed\" frameborder=\"0\" allow=\"accelerometer; autoplay; clipboard-write; encrypted-media; gyroscope; picture-in-picture; web-share\" allowfullscreen><\/iframe>\n<\/div><figcaption class=\"wp-element-caption\">Predigt vom 20.06.2021 &#8222;Wer du wirklich in Christus bist&#8220;<\/figcaption><\/figure>\n\n\n\n<figure class=\"wp-block-embed is-type-video is-provider-youtube wp-block-embed-youtube wp-embed-aspect-16-9 wp-has-aspect-ratio\"><div class=\"wp-block-embed__wrapper\">\n<iframe loading=\"lazy\" title=\"\/\/Die Stiftsh\u00fctte Teil 2-4\/\/ Predigt Johann J.\" width=\"810\" height=\"456\" src=\"https:\/\/www.youtube.com\/embed\/0L95W3mR1S4?feature=oembed\" frameborder=\"0\" allow=\"accelerometer; autoplay; clipboard-write; encrypted-media; gyroscope; picture-in-picture; web-share\" allowfullscreen><\/iframe>\n<\/div><figcaption class=\"wp-element-caption\">Predigt vom 21.03.2021 &#8222;Die Stiftsh\u00fctte Teil 2 von 4&#8220;<\/figcaption><\/figure>\n","protected":false},"excerpt":{"rendered":"<p>Predigten sollten immer zur Lebensver\u00e4nderung f\u00fchren, weil sie nicht informieren, sondern ver\u00e4ndern sollten. Hier gibt es Tipps zum auftragsgem\u00e4\u00dfen Predigen und hier um die H\u00f6reraufmerksamkeit zu steigern. Beispielpredigten findest du hier:<\/p>\n","protected":false},"author":18,"featured_media":0,"parent":194,"menu_order":4,"comment_status":"open","ping_status":"closed","template":"","meta":{"footnotes":""},"class_list":["post-10","page","type-page","status-publish","hentry"],"_links":{"self":[{"href":"https:\/\/www.jugend-hd.de\/index.php?rest_route=\/wp\/v2\/pages\/10","targetHints":{"allow":["GET"]}}],"collection":[{"href":"https:\/\/www.jugend-hd.de\/index.php?rest_route=\/wp\/v2\/pages"}],"about":[{"href":"https:\/\/www.jugend-hd.de\/index.php?rest_route=\/wp\/v2\/types\/page"}],"author":[{"embeddable":true,"href":"https:\/\/www.jugend-hd.de\/index.php?rest_route=\/wp\/v2\/users\/18"}],"replies":[{"embeddable":true,"href":"https:\/\/www.jugend-hd.de\/index.php?rest_route=%2Fwp%2Fv2%2Fcomments&post=10"}],"version-history":[{"count":9,"href":"https:\/\/www.jugend-hd.de\/index.php?rest_route=\/wp\/v2\/pages\/10\/revisions"}],"predecessor-version":[{"id":1104,"href":"https:\/\/www.jugend-hd.de\/index.php?rest_route=\/wp\/v2\/pages\/10\/revisions\/1104"}],"up":[{"embeddable":true,"href":"https:\/\/www.jugend-hd.de\/index.php?rest_route=\/wp\/v2\/pages\/194"}],"wp:attachment":[{"href":"https:\/\/www.jugend-hd.de\/index.php?rest_route=%2Fwp%2Fv2%2Fmedia&parent=10"}],"curies":[{"name":"wp","href":"https:\/\/api.w.org\/{rel}","templated":true}]}}